{"id":14,"date":"2020-12-25T14:56:53","date_gmt":"2020-12-25T14:56:53","guid":{"rendered":"http:\/\/sw-themes.com\/porto_dummy\/auto-services\/?page_id=14"},"modified":"2022-04-03T10:51:38","modified_gmt":"2022-04-03T10:51:38","slug":"about","status":"publish","type":"page","link":"https:\/\/certus-autoservice.de\/?page_id=14","title":{"rendered":"Die Werkstatt"},"content":{"rendered":"<p>[vc_row content_placement=&#8220;middle&#8220; wrap_container=&#8220;yes&#8220; el_class=&#8220;mt-5 pt-4 m-b-lg&#8220;][vc_column el_class=&#8220;pb-sm-4 pb-lg-0 mb-5 mb-lg-0&#8243; offset=&#8220;vc_col-md-6&#8243;][vc_custom_heading text=&#8220;Certus Autoservice R\u00fcsselsheim&#8220; use_theme_fonts=&#8220;yes&#8220; animation_type=&#8220;fadeInUp&#8220; el_class=&#8220;mb-0&#8243;][vc_separator color=&#8220;custom&#8220; align=&#8220;align_left&#8220; border_width=&#8220;4&#8243; css_animation=&#8220;left-to-right&#8220; style=&#8220;solid&#8220; el_class=&#8220;custom-separator customLineProgressAnim my-3&#8243; accent_color=&#8220;#1c5fa8&#8243;][vc_custom_heading text=&#8220;Unser Standort in R\u00fcsselsheim<\/p>\n<p>Im Mittelpunkt unserer Arbeit steht der individuelle und pers\u00f6nliche Service. Gleichzeitig steht Certus Autowerkstatt f\u00fcr Transparenz. Alle Rechnungen sind verst\u00e4ndlich aufgebaut und sind nachvollziehbar. Denn unsere Kunden sollen wissen, dass sie bei uns bei allen Fragen rund um ihr Auto in besten H\u00e4nden sind. \u00dcberzeugen auch Sie sich von unserer Qualit\u00e4t und Kundenfreundlichkeit. &#8220; font_container=&#8220;tag:p|text_align:left&#8220; use_theme_fonts=&#8220;yes&#8220; animation_delay=&#8220;700&#8243; el_class=&#8220;pb-1 mb-4&#8243; animation_type=&#8220;fadeInUp&#8220;][\/vc_column][vc_column width=&#8220;3\/4&#8243; animation_delay=&#8220;1450&#8243; el_class=&#8220;pl-lg-5 pr-5 custom-auto-img&#8220; offset=&#8220;vc_col-md-6 vc_col-xs-10&#8243; animation_type=&#8220;fadeInLeft&#8220;][vc_single_image image=&#8220;1437&#8243; img_size=&#8220;full&#8220; floating_start_pos=&#8220;top&#8220; floating_speed=&#8220;9.8&#8243; floating_duration=&#8220;1000&#8243; el_class=&#8220;mb-0&#8243; label=&#8220;&#8220;][\/vc_column][\/vc_row]<\/p>\n","protected":false},"excerpt":{"rendered":"<p>[vc_row content_placement=&#8220;middle&#8220; wrap_container=&#8220;yes&#8220; el_class=&#8220;mt-5 pt-4 m-b-lg&#8220;][vc_column el_class=&#8220;pb-sm-4 pb-lg-0 mb-5 mb-lg-0&#8243; offset=&#8220;vc_col-md-6&#8243;][vc_custom_heading text=&#8220;Certus Autoservice R\u00fcsselsheim&#8220; use_theme_fonts=&#8220;yes&#8220; animation_type=&#8220;fadeInUp&#8220; el_class=&#8220;mb-0&#8243;][vc_separator color=&#8220;custom&#8220; align=&#8220;align_left&#8220; border_width=&#8220;4&#8243; css_animation=&#8220;left-to-right&#8220; style=&#8220;solid&#8220; el_class=&#8220;custom-separator customLineProgressAnim my-3&#8243; accent_color=&#8220;#1c5fa8&#8243;][vc_custom_heading text=&#8220;Unser Standort in R\u00fcsselsheim Im Mittelpunkt unserer Arbeit steht der individuelle und pers\u00f6nliche Service. Gleichzeitig steht Certus Autowerkstatt f\u00fcr Transparenz. Alle Rechnungen sind verst\u00e4ndlich aufgebaut und sind nachvollziehbar. Denn [&hellip;]<\/p>\n","protected":false},"author":1,"featured_media":0,"parent":0,"menu_order":0,"comment_status":"closed","ping_status":"closed","template":"","meta":{"footnotes":""},"class_list":["post-14","page","type-page","status-publish","hentry"],"_links":{"self":[{"href":"https:\/\/certus-autoservice.de\/index.php?rest_route=\/wp\/v2\/pages\/14","targetHints":{"allow":["GET"]}}],"collection":[{"href":"https:\/\/certus-autoservice.de\/index.php?rest_route=\/wp\/v2\/pages"}],"about":[{"href":"https:\/\/certus-autoservice.de\/index.php?rest_route=\/wp\/v2\/types\/page"}],"author":[{"embeddable":true,"href":"https:\/\/certus-autoservice.de\/index.php?rest_route=\/wp\/v2\/users\/1"}],"replies":[{"embeddable":true,"href":"https:\/\/certus-autoservice.de\/index.php?rest_route=%2Fwp%2Fv2%2Fcomments&post=14"}],"version-history":[{"count":2,"href":"https:\/\/certus-autoservice.de\/index.php?rest_route=\/wp\/v2\/pages\/14\/revisions"}],"predecessor-version":[{"id":1438,"href":"https:\/\/certus-autoservice.de\/index.php?rest_route=\/wp\/v2\/pages\/14\/revisions\/1438"}],"wp:attachment":[{"href":"https:\/\/certus-autoservice.de\/index.php?rest_route=%2Fwp%2Fv2%2Fmedia&parent=14"}],"curies":[{"name":"wp","href":"https:\/\/api.w.org\/{rel}","templated":true}]}}