{"id":16,"date":"2020-12-25T14:58:49","date_gmt":"2020-12-25T14:58:49","guid":{"rendered":"http:\/\/sw-themes.com\/porto_dummy\/auto-services\/?page_id=16"},"modified":"2022-06-05T18:53:59","modified_gmt":"2022-06-05T18:53:59","slug":"services","status":"publish","type":"page","link":"https:\/\/certus-autoservice.de\/?page_id=16","title":{"rendered":"Leistungen"},"content":{"rendered":"<p>[vc_row wrap_container=&#8220;yes&#8220; el_class=&#8220;py-4 my-5&#8243;][vc_column][vc_custom_heading text=&#8220;Unsere Leistungen f\u00fcr Sie im \u00dcberblick&#8220; font_container=&#8220;tag:h2|font_size:16.8px|text_align:left|color:%23777777|line_height:26px&#8220; use_theme_fonts=&#8220;yes&#8220; font_weight=&#8220;600&#8243; letter_spacing=&#8220;0&#8243; animation_delay=&#8220;300&#8243; animation_type=&#8220;fadeInUp&#8220; el_class=&#8220;mb-4&#8243;][vc_column_text css=&#8220;.vc_custom_1648978938036{padding-bottom: 20px !important;}&#8220;]<\/p>\n<h2>HU\/AU<\/h2>\n<p>Alle zwei Jahre ist es wieder soweit, Hauptuntersuchung (HU) und Abgasuntersuchung (AU) werden f\u00e4llig. Der Gesetzgeber verfolgt damit einerseits das Ziel, die Verkehrssicherheit der Fahrzeuge zu erh\u00f6hen, andererseits sollen die Umweltbelastungen durch Abgase verringert werden. Den F\u00e4lligkeitstermin finden Sie auf der HU-Plakette Ihres Nummernschildes und auf dem HU-Stempel in Ihren Fahrzeugpapieren. Wir von Certus Autoservice in R\u00fcsselsheim \u00fcberpr\u00fcfen Ihr Fahrzeug vor der Haupt- und Abgasuntersuchung und beseitigen bestehende M\u00e4ngel sofort. Eine Nachuntersuchung entf\u00e4llt. F\u00fcr den HU-Termin ben\u00f6tigen wir nur Ihren Fahrzeugschein und, sofern notwendig, Abnahmebest\u00e4tigungen f\u00fcr nicht eingetragene Umr\u00fcstungen wie spezielle Felgen, Reifen oder z. B. Auspuffanlagen.<\/p>\n<p>Damit Sie so wenige Unannehmlichkeiten wie m\u00f6glich mit der HU haben, setzen wir von Certus Autoservice in R\u00fcsselsheim auf kontinuierlichen Service, qualitativ hochwertige Ersatzteile und bestens ausgebildete Mitarbeiter. Und da wir uns speziell mit Ihrem Fahrzeug auskennen, nehmen wir Ihnen als Ihr HU\/AU-Pr\u00fcfst\u00fctzpunkt auch gerne den kompletten Aufwand ab. So gibt es f\u00fcr Sie keine b\u00f6sen \u00dcberraschungen.[\/vc_column_text][vc_column_text css=&#8220;.vc_custom_1648978947421{padding-bottom: 20px !important;}&#8220;]<\/p>\n<h2>Inspektion<\/h2>\n<p>Bei Certus Autoservice in R\u00fcsselsheim und Bad Schwalbach erh\u00e4lt Ihr Fahrzeug einen besonderen Service der Spitzenklasse. Inspektionen die bei uns durchgef\u00fchrt werden, unterliegen einer strengen Kontrolle. Nur qualifizierten und gut geschulten Technikern vertrauen wir Ihr Fahrzeug an. Durch die Verwendung von Original-Ersatzteilen und hochwertigen Schmierstoffen stellen wir sicher, dass Ihr Fahrzeug allen Anforderungen gewachsen ist. Durch eine regelm\u00e4\u00dfige Wartung und Inspektion halten Sie auf Dauer die Betriebskosten f\u00fcr Ihr Fahrzeug gering. Wir verwenden im \u00dcbrigen f\u00fcr alle Inspektionen und Reparaturen nur Originalersatzteile oder Ersatzteile in Erstausr\u00fcsterqualit\u00e4t. Wir liefern immer ein Auto zur\u00fcck, dass nach den bestm\u00f6glichen Standards gewartet wird.<\/p>\n<p>Selbstverst\u00e4ndlich erhalten Sie im Voraus eine Kosten\u00fcbersicht. Zus\u00e4tzlich \u00fcberpr\u00fcfen wir Kulanzleistungen unserer Hersteller, damit Ihr Fahrzeug immer auf dem neuesten Stand ist. Wir liefern immer ein Auto zur\u00fcck, dass nach den bestm\u00f6glichen Standards gewartet wird. Wir wollen, dass Sie dauerhaft mobil bleiben.[\/vc_column_text][vc_column_text css=&#8220;.vc_custom_1648978955518{padding-bottom: 20px !important;}&#8220;]<\/p>\n<h2>\u00d6l-Service<\/h2>\n<p>Kaum etwas strapaziert Ihren Motor so sehr wie die Verwendung von altem oder von zu wenig Motor\u00f6l: die dadurch entstehende erh\u00f6hte Reibung zwischen Zylinder und Kolben f\u00fchrt zu einer Herabsetzung der Motorleistung. So verschlei\u00dft mit der Zeit nicht nur der Motor, auch der Spritverbrauch und die Abgasemission steigen. Wir sorgen mit regelm\u00e4\u00dfigen und rechtzeitigen \u00d6lwechseln daf\u00fcr, dass Sie nicht nur Ihren Motor, sondern auch Ihren Geldbeutel schonen. Wir von Certus Autoservice in R\u00fcsselsheim empfehlen, alle 15.000 Kilometer einen Motor\u00f6lwechsel inkl. Wechsel des \u00d6lfilters durchf\u00fchren zu lassen. Auch bei Fahrzeugen, die nur 10.000 Kilometer oder weniger im Jahr zur\u00fccklegen, sollte laut Hersteller- und Werkstattangaben alle 12 bis 18 Monate ein \u00d6lwechsel vorgenommen werden. Um die Lebensdauer Ihres Motors zu erh\u00f6hen, verwenden wir von Certus Autoservice in R\u00fcsselsheim nur besonders flie\u00dff\u00e4higes \u00d6l das den Besonderheiten des jeweiligen Motortyps und den Herstellervorgaben entspricht.[\/vc_column_text][vc_column_text css=&#8220;.vc_custom_1648979053856{padding-bottom: 20px !important;}&#8220;]<\/p>\n<h2>Getriebesp\u00fclung<\/h2>\n<p>Ein neues Getriebe oder eine Getriebereparatur kann sehr teuer werden. Um dies zu verhindern und eine deutliche Verbesserung des Schaltverhaltens zu gewinnen, empfiehlt es sich, von einem Spezialisten das Getriebe \u00fcberpr\u00fcfen zu lassen und ca. alle 60.000 km \u2013 80.000 km eine Getriebesp\u00fclung vorzunehmen.<\/p>\n<p><strong>Die Vorteile:<\/strong><\/p>\n<ul>\n<li>Optimale Schaltqualit\u00e4t, bessere Fahrtkomfort<\/li>\n<li>L\u00e4ngere Lebensdauer des Getriebes<\/li>\n<li>Eine g\u00fcnstige Alternative zu teuren Reparaturen<\/li>\n<li>Kraftstoff-Einsparung durch schnellere Schaltung die l\u00e4ngere Lebensdauer des Getriebes macht eine Getriebe\u00f6lsp\u00fclung wirtschaftlich.<\/li>\n<\/ul>\n<p>Certus Autoservice in R\u00fcsselsheim garantiert Ihnen unschlagbare Qualit\u00e4t auf h\u00f6chstem Niveau.[\/vc_column_text][vc_column_text css=&#8220;.vc_custom_1648979105174{padding-bottom: 20px !important;}&#8220;]<\/p>\n<h2>3D Achsvermessung<\/h2>\n<p>Ihr Wagens hat ein gutes Ged\u00e4chtnis. Es merkt sich jede holprige Stra\u00dfe und jeden \u00fcberfahrenen Bordstein. Denn dabei kann sich die Achsgeometrie verstellen. Die Folge: starker einseitiger Reifenabrieb, Links- oder Rechtsdrall, erh\u00f6hter Rollwiderstand und damit h\u00f6herer Kraftstoffverbrauch. Hier hilft korrektes Einstellen von Spur und Sturz! Deshalb sollten Sie regelm\u00e4\u00dfig eine elektronische Achs- und Spurvermessung durchf\u00fchren lassen. Pr\u00e4zise Achsvermessung ist f\u00fcr einwandfreies Fahrverhalten n\u00f6tig. Je nach Alter des Fahrzeugs und Typs, dauert eine Achsvermessung zwischen 30 Minuten bis zu 2 Stunden. Dies gilt f\u00fcr die Achsvermessungen der Vorderachse sowie f\u00fcr die Hinterachse. Mit regelm\u00e4\u00dfiger Achsvermessung sorgen Sie f\u00fcr Sicherheit, Fahrkomfort und Wirtschaftlichkeit.<\/p>\n<p>Wir von Certus Autoservice in R\u00fcsselsheim garantieren Ihnen mit unserer hochmodernen Achsvermessungs-Technologie unschlagbare Qualit\u00e4t auf h\u00f6chstem Niveau.[\/vc_column_text][vc_column_text css=&#8220;.vc_custom_1648979160971{padding-bottom: 20px !important;}&#8220;]<\/p>\n<h2>Bremsen-Service \/ Bremsfl\u00fcssigkeitswechsel<\/h2>\n<p>Eine funktionsf\u00e4hige Bremse ist f\u00fcr Ihre eigene Sicherheit, sowie der anderer Verkehrsteilnehmer lebenswichtig. Um Ihr Fahrzeug jeder Zeit zum Stehen zu bringen ist eine regelm\u00e4\u00dfige \u00dcberpr\u00fcfung der Bremsen erforderlich.<\/p>\n<p>Jedes Fahrzeug hat einen individuellen Verschlei\u00df. Dies ist unter Anderem abh\u00e4ngig vom Fahrverhalten, sowie der Anzahl Ihrer t\u00e4glich gefahrenen Kilometer. Die optimale Funktion der Bremse ist der Zustand der Bremsfl\u00fcssigkeit von besonderer Bedeutung. Da sie mit der Zeit ihre Eigenschaften ver\u00e4ndert, ist ein regelm\u00e4\u00dfiger Wechsel notwendig. Etwa alle zwei bis drei Jahre sollte die Bremsfl\u00fcssigkeit ausgetauscht werden.<\/p>\n<p>Die Kosten f\u00fcr den Wechsel halten sich im Rahmen Mit kurzer Terminabsprache k\u00f6nnen wir von Certus Autoservice in R\u00fcsselsheim Ihre Bremsen jederzeit pr\u00fcfen und bei Bedarf preiswert und schnell erneuern.[\/vc_column_text][vc_column_text css=&#8220;.vc_custom_1648979186722{padding-bottom: 20px !important;}&#8220;]<\/p>\n<h2>Auspuff Service \/ Abgasanlage<\/h2>\n<p>Der Auspuff Ihres Autos reduziert L\u00e4rm- und Umwelt- belastung und sch\u00fctzt Sie vor giftigen Abgasen. Eine defekte Anlage jedoch gef\u00e4hrdet Sie und andere. Bei jeder Fahrt werden die Bauteile der Abgasanlage thermisch extrem beansprucht. Hohe Temperaturschwankungen durch hei\u00dfe Abgase und Au\u00dfentemperaturen, sowie Streusalz und N\u00e4sse, setzen der Auspuffanlage zu. Es ist also kein Wunder, dass sich relativ schnell L\u00f6cher bilden, Teile l\u00f6sen oder der Auspuff gar durchrostet.<\/p>\n<p>Durch regelm\u00e4\u00dfiges Pr\u00fcfen der Abgasanlage k\u00f6nnen Sch\u00e4den sofort erkannt und behoben werden. Lassen Sie den Auspuff noch heute von Certus Autoservice in R\u00fcsselsheim pr\u00fcfen![\/vc_column_text][vc_column_text css=&#8220;.vc_custom_1648979221283{padding-bottom: 20px !important;}&#8220;]<\/p>\n<h2>Klima-Service<\/h2>\n<p>Durch einen j\u00e4hrlichen Klimaanlagen-Check k\u00f6nnen Verschlei\u00dferscheinungen rechtzeitig erkannt und teure Reparaturen vermieden werden. Desinfektion und neue Innenraumfilter sorgen f\u00fcr reine Luft. Das ist besonders empfehlenswert f\u00fcr Allergiker! Wird das K\u00fchlmittel regelm\u00e4\u00dfig erneuert, bringt Ihre Klimaanlage volle Leistung bei m\u00e4\u00dfigem Energieverbrauch.<\/p>\n<p>Eine Klimaanlage im Auto ist nicht wartungsfrei. Sie verliert in einem Jahr bis zu 15% K\u00e4ltemittel, dessen Verlust ausgeglichen werden muss um die volle Funktionsf\u00e4higkeit der Anlage zu gew\u00e4hrleisten. Man sollte nicht warten, bis die Klimaanlage nicht mehr k\u00fchlt oder unangenehm riechende Luft in den Innenraum geblasen wird. Dann ist es definitiv zu sp\u00e4t und es kann zu unerw\u00fcnschten Reparaturkosten kommen.<\/p>\n<p>Certus Autoservice in R\u00fcsselsheim macht eine Sichtpr\u00fcfung aller relevanten Komponenten der Abgasanlage inklusive Wartung und tauscht je nach Zustand die Innenraumfilter aus und desinfiziert die gesamte Klimaanlage.[\/vc_column_text][vc_column_text css=&#8220;.vc_custom_1648979247204{padding-bottom: 20px !important;}&#8220;]<\/p>\n<h2>Smart Repair<\/h2>\n<p>Smart Repair ist der Sammelbegriff f\u00fcr effiziente Reparaturmethoden, die f\u00fcr die schnelle, professionelle und kosteng\u00fcnstige Beseitigung von Kleinsch\u00e4den an Fahrzeugen zum Einsatz kommen. Alltagssch\u00e4den verschwinden im Handumdrehen. Wir k\u00f6nnen mit Hilfe des Spot-Repair oder Smart-Repair Verfahren kleine Missgeschicke, wie z.B. Dellen , Steinschl\u00e4ge , Kratzer im Lack, etc., an und in Ihrem Fahrzeug ungeschehen machen . Wir beseitigen schnell, g\u00fcnstig und professionell. DIes umfasst auch Lacksch\u00e4den &#8211; Parkrempler Dellen\/Beulen Steinschl\u00e4ge, Bohrl\u00f6cher Risse, L\u00f6cher und Absch\u00fcrfungen in Leder etc.<\/p>\n<p>Die Kostenersparnis und die kurze Reparaturzeit liegen auf der Hand. Ein weiterer Vorteil ist dass keine komplette Lackierung notwendig ist und es keinen Unterschied zum Original gibt. Dabei ist gew\u00f6hnlich kein Aus- und Einbau erforderlich und keine teuren Ausstauschteile. Certus Autoservice in R\u00fcsselsheim wei\u00df worauf es ankommt und wir liefern Ihnen die besten Resultate.[\/vc_column_text][vc_column_text css=&#8220;.vc_custom_1648979269034{padding-bottom: 20px !important;}&#8220;]<\/p>\n<h2>Karosserie<\/h2>\n<p>Ob Kleinschaden oder Karosseriearbeit \u2013 wir verf\u00fcgen \u00fcber langj\u00e4hrige Erfahrung in der Richt- und Austauscharbeit von Karosserieteilen. Dies umfasst Instandsetzung von Unfallsch\u00e4den, Reparatur von Bagatellsch\u00e4den und Instandsetzung von Hagel- und Sturmsch\u00e4den. Wir f\u00fchren alle erforderlichen Karosseriearbeiten durch. Karosserie Instandsetzung von Unfallsch\u00e4den werden ausschlie\u00dflich mit Originalersatzteilen nach Herstellerrichtlinien von bestens qualifizierten Mitarbeitern verrichtet.<\/p>\n<p>Nach einem Unfallschaden kommt es auf schnelle und kompetente Arbeit an. Wir von Certus Autoservice in R\u00fcsselsheim ist als Meisterbetrieb f\u00fcr Karosserie und Lack der kompetente Partner f\u00fcr Instandsetzung an Ihrem PKW.[\/vc_column_text][vc_column_text css=&#8220;.vc_custom_1648979346437{padding-bottom: 20px !important;}&#8220;]<\/p>\n<h2>Scheibenreparatur<\/h2>\n<p>Das hat jeder Autofahrer schon mal mitgemacht: Mit einem lauten Ger\u00e4usch trifft etwas, meist ein kleiner Stein, auf die Frontscheibe. Manchmal gleich, manchmal sp\u00e4ter entdeckt man dann auf seiner Windschutzscheibe einen winzigen Krater. Schauen Sie also \u00f6fter mal genau hin: Selbst kleine Steinschl\u00e4ge in der Windschutzscheibe k\u00f6nnen schnell zu gr\u00f6\u00dferen Rissen werden, da die Schadstelle sich unvorhersehbar vergr\u00f6\u00dfern kann, z.B. beim \u00fcberfahren von Schlagl\u00f6chern. Wenn dies w\u00e4hrend der Fahrt passiert, ist Ihre Sicherheit gef\u00e4hrdet.<\/p>\n<p>Unsere Profis von Certus Autoservice in R\u00fcsselsheim k\u00fcmmern sich gerne um den Steinschlag in Ihrer Scheibe. Statt eine komplett neue Scheibe einzusetzen, pr\u00fcfen sie, ob der Schaden nicht auch repariert werden kann \u2013 zu einem Bruchteil der Kosten einer neuen Windschutzscheibe.[\/vc_column_text][vc_column_text css=&#8220;.vc_custom_1648979373918{padding-bottom: 20px !important;}&#8220;]<\/p>\n<h2>Saison-Check<\/h2>\n<p>Mit unserem Saison -Sicherheitscheck tun wir alles, damit Sie diese Zeit so richtig genie\u00dfen k\u00f6nnen. Denn unsere Profis von Certus Autoservice R\u00fcsselsheim pr\u00fcfen \u00fcber 30 Kontrollenpunkte an Ihrem Fahrzeug und testen dabei alle wesentlichen Leistungsfunktionen. Angefangen bei den Bremsen \u00fcber die Reifen bis hin zum Motor. Zu jeder Jahreszeit bieten wir den entsprechenden Check zu einem g\u00fcnstigen Festpreis.<\/p>\n<p>Fr\u00fchjahres-Check: Auf Wunsch entsprechende Wagenpflege (z.B. entfernen von Salzresten)<\/p>\n<p>Urlaubs-Check: Damit Sie gut ankommen pr\u00fcfen wir Ihr Fahrzeug vor Urlaubsantritt.<\/p>\n<p>Winter-Check: Damit Sie diese Jahreszeit kalt l\u00e4sst und Sie sicher durch den Winter kommen. So sind Sie In Ihrem Wagen immer sicher unterwegs.[\/vc_column_text][vc_column_text css=&#8220;.vc_custom_1648979419868{padding-bottom: 20px !important;}&#8220;]<\/p>\n<h2>Reifenwechsel<\/h2>\n<p>Wenn die Temperaturen steigen ist es an der Zeit, auf Sommerreifen umzusteigen. Um Geld zu sparen, wechseln viele Autobesitzer ihre Reifen selbst, ohne Auswuchten, ohne Sicherheitskontrolle. Das kann im Ernstfall gef\u00e4hrlich werden. Wer auf Nummer sicher gehen will, l\u00e4sst die Reifen besser von der Fachwerkstatt wechseln. Winterreifen runter, Sommerreifen drauf \u2013 doch ganz so einfach ist es nicht. Was tun, wenn die Radmutter zu fest sitzt oder die Radnabe verrostet ist?<\/p>\n<p>Auch wenn beim Wechsel alles rund l\u00e4uft, bleibt oft ein mulmiges Gef\u00fchl: Sind tats\u00e4chlich alle Muttern fest angezogen? Sitzen die R\u00e4der richtig? Fahre ich damit sicher?<\/p>\n<p>Wer beim Reifenwechsel Kosten sparen will, spart am falschen Fleck. Denn Reifen geh\u00f6ren zu den wichtigen Sicherheitskomponenten des Autos. Eine korrekte Montage kann in Notsituationen oder auf nasser Stra\u00dfe \u00fcberlebenswichtig sein.<\/p>\n<p>Wir empfehlen dar\u00fcber hinaus ein regelm\u00e4\u00dfiges Auswuchten der R\u00e4der um ein \u201eflatterndes\u201c Lenkrad und \u00fcberm\u00e4\u00dfigen Verschlei\u00df zu vermeiden.<\/p>\n<p>Wir von Certus Autoservice in R\u00fcsselsheim garantieren Ihnen unschlagbare Qualit\u00e4t auf h\u00f6chstem Niveau.[\/vc_column_text][\/vc_column][\/vc_row]<\/p>\n","protected":false},"excerpt":{"rendered":"<p>[vc_row wrap_container=&#8220;yes&#8220; el_class=&#8220;py-4 my-5&#8243;][vc_column][vc_custom_heading text=&#8220;Unsere Leistungen f\u00fcr Sie im \u00dcberblick&#8220; font_container=&#8220;tag:h2|font_size:16.8px|text_align:left|color:%23777777|line_height:26px&#8220; use_theme_fonts=&#8220;yes&#8220; font_weight=&#8220;600&#8243; letter_spacing=&#8220;0&#8243; animation_delay=&#8220;300&#8243; animation_type=&#8220;fadeInUp&#8220; el_class=&#8220;mb-4&#8243;][vc_column_text css=&#8220;.vc_custom_1648978938036{padding-bottom: 20px !important;}&#8220;] HU\/AU Alle zwei Jahre ist es wieder soweit, Hauptuntersuchung (HU) und Abgasuntersuchung (AU) werden f\u00e4llig. Der Gesetzgeber verfolgt damit einerseits das Ziel, die Verkehrssicherheit der Fahrzeuge zu erh\u00f6hen, andererseits sollen die Umweltbelastungen durch Abgase verringert [&hellip;]<\/p>\n","protected":false},"author":1,"featured_media":0,"parent":0,"menu_order":0,"comment_status":"closed","ping_status":"closed","template":"","meta":{"footnotes":""},"class_list":["post-16","page","type-page","status-publish","hentry"],"_links":{"self":[{"href":"https:\/\/certus-autoservice.de\/index.php?rest_route=\/wp\/v2\/pages\/16","targetHints":{"allow":["GET"]}}],"collection":[{"href":"https:\/\/certus-autoservice.de\/index.php?rest_route=\/wp\/v2\/pages"}],"about":[{"href":"https:\/\/certus-autoservice.de\/index.php?rest_route=\/wp\/v2\/types\/page"}],"author":[{"embeddable":true,"href":"https:\/\/certus-autoservice.de\/index.php?rest_route=\/wp\/v2\/users\/1"}],"replies":[{"embeddable":true,"href":"https:\/\/certus-autoservice.de\/index.php?rest_route=%2Fwp%2Fv2%2Fcomments&post=16"}],"version-history":[{"count":10,"href":"https:\/\/certus-autoservice.de\/index.php?rest_route=\/wp\/v2\/pages\/16\/revisions"}],"predecessor-version":[{"id":1477,"href":"https:\/\/certus-autoservice.de\/index.php?rest_route=\/wp\/v2\/pages\/16\/revisions\/1477"}],"wp:attachment":[{"href":"https:\/\/certus-autoservice.de\/index.php?rest_route=%2Fwp%2Fv2%2Fmedia&parent=16"}],"curies":[{"name":"wp","href":"https:\/\/api.w.org\/{rel}","templated":true}]}}